{"id":2716,"date":"2025-05-26T09:42:01","date_gmt":"2025-05-26T09:42:01","guid":{"rendered":"https:\/\/sicred-distribution.com.al\/?post_type=product&#038;p=2716"},"modified":"2025-11-20T13:51:15","modified_gmt":"2025-11-20T13:51:15","slug":"jelek-gruaje-i-shqiperise-se-mesme","status":"publish","type":"product","link":"https:\/\/sicred-distribution.com.al\/en\/product\/jelek-gruaje-i-shqiperise-se-mesme\/","title":{"rendered":"Women&#8217;s vest from Central Albania"},"content":{"rendered":"<p>Women\u2019s velvet vest embroidered with gold thread. Part of the women\u2019s urban clothing, the marble dimiq costume (used mainly in the Tirana, Durr\u00ebs, Elbasan areas). Miniature reproduction of the original model, handmade.  <\/p>\n","protected":false},"excerpt":{"rendered":"<p>High-quality and elegant women&#8217;s vest from the middle of Albania, perfect for any occasion.<\/p>\n","protected":false},"featured_media":13272,"comment_status":"open","ping_status":"closed","template":"","meta":{"_et_pb_use_builder":"","_et_pb_old_content":"","_et_gb_content_width":""},"product_brand":[],"product_cat":[142,143],"product_tag":[2099,952,1389],"class_list":{"0":"post-2716","1":"product","2":"type-product","3":"status-publish","4":"has-post-thumbnail","6":"product_cat-ethnic-costumes","7":"product_cat-vests-in-minature","8":"product_tag-gruaje-en","9":"product_tag-jelekene-miniature","10":"product_tag-shqiperise","12":"first","13":"onbackorder","14":"shipping-taxable","15":"purchasable","16":"product-type-simple"},"yoast_head":"<!-- This site is optimized with the Yoast SEO plugin v27.5 - https:\/\/yoast.com\/product\/yoast-seo-wordpress\/ -->\n<title>Women&#039;s vest from Central Albania - SiCRED Distribution<\/title>\n<meta name=\"robots\" content=\"index, follow, max-snippet:-1, max-image-preview:large, max-video-preview:-1\" \/>\n<link rel=\"canonical\" href=\"https:\/\/sicred-distribution.com.al\/en\/product\/jelek-gruaje-i-shqiperise-se-mesme\/\" \/>\n<meta property=\"og:locale\" content=\"en_US\" \/>\n<meta property=\"og:type\" content=\"article\" \/>\n<meta property=\"og:title\" content=\"Women&#039;s vest from Central Albania - SiCRED Distribution\" \/>\n<meta property=\"og:description\" content=\"High-quality and elegant women&#039;s vest from the middle of Albania, perfect for any occasion.\" \/>\n<meta property=\"og:url\" content=\"https:\/\/sicred-distribution.com.al\/en\/product\/jelek-gruaje-i-shqiperise-se-mesme\/\" \/>\n<meta property=\"og:site_name\" content=\"SiCRED Distribution\" \/>\n<meta property=\"article:publisher\" content=\"https:\/\/www.facebook.com\/SiCRED.Distribution\/\" \/>\n<meta property=\"article:modified_time\" content=\"2025-11-20T13:51:15+00:00\" \/>\n<meta property=\"og:image\" content=\"https:\/\/sicred-distribution.com.al\/wp-content\/uploads\/2025\/02\/1.-JELEK-GRUAJE-I-SHQIPERISE-SE-MESME-1-scaled-5.jpg\" \/>\n\t<meta property=\"og:image:width\" content=\"2048\" \/>\n\t<meta property=\"og:image:height\" content=\"2048\" \/>\n\t<meta property=\"og:image:type\" content=\"image\/jpeg\" \/>\n<meta name=\"twitter:card\" content=\"summary_large_image\" \/>\n<script type=\"application\/ld+json\" class=\"yoast-schema-graph\">{\"@context\":\"https:\\\/\\\/schema.org\",\"@graph\":[{\"@type\":\"WebPage\",\"@id\":\"https:\\\/\\\/sicred-distribution.com.al\\\/en\\\/product\\\/jelek-gruaje-i-shqiperise-se-mesme\\\/\",\"url\":\"https:\\\/\\\/sicred-distribution.com.al\\\/en\\\/product\\\/jelek-gruaje-i-shqiperise-se-mesme\\\/\",\"name\":\"Women's vest from Central Albania - SiCRED Distribution\",\"isPartOf\":{\"@id\":\"https:\\\/\\\/sicred-distribution.com.al\\\/en\\\/#website\"},\"primaryImageOfPage\":{\"@id\":\"https:\\\/\\\/sicred-distribution.com.al\\\/en\\\/product\\\/jelek-gruaje-i-shqiperise-se-mesme\\\/#primaryimage\"},\"image\":{\"@id\":\"https:\\\/\\\/sicred-distribution.com.al\\\/en\\\/product\\\/jelek-gruaje-i-shqiperise-se-mesme\\\/#primaryimage\"},\"thumbnailUrl\":\"https:\\\/\\\/sicred-distribution.com.al\\\/wp-content\\\/uploads\\\/2025\\\/02\\\/1.-JELEK-GRUAJE-I-SHQIPERISE-SE-MESME-1-scaled-5.jpg\",\"datePublished\":\"2025-05-26T09:42:01+00:00\",\"dateModified\":\"2025-11-20T13:51:15+00:00\",\"breadcrumb\":{\"@id\":\"https:\\\/\\\/sicred-distribution.com.al\\\/en\\\/product\\\/jelek-gruaje-i-shqiperise-se-mesme\\\/#breadcrumb\"},\"inLanguage\":\"en-US\",\"potentialAction\":[{\"@type\":\"ReadAction\",\"target\":[\"https:\\\/\\\/sicred-distribution.com.al\\\/en\\\/product\\\/jelek-gruaje-i-shqiperise-se-mesme\\\/\"]}]},{\"@type\":\"ImageObject\",\"inLanguage\":\"en-US\",\"@id\":\"https:\\\/\\\/sicred-distribution.com.al\\\/en\\\/product\\\/jelek-gruaje-i-shqiperise-se-mesme\\\/#primaryimage\",\"url\":\"https:\\\/\\\/sicred-distribution.com.al\\\/wp-content\\\/uploads\\\/2025\\\/02\\\/1.-JELEK-GRUAJE-I-SHQIPERISE-SE-MESME-1-scaled-5.jpg\",\"contentUrl\":\"https:\\\/\\\/sicred-distribution.com.al\\\/wp-content\\\/uploads\\\/2025\\\/02\\\/1.-JELEK-GRUAJE-I-SHQIPERISE-SE-MESME-1-scaled-5.jpg\",\"width\":2048,\"height\":2048,\"caption\":\"Jelek gruaje i Shqip\u00ebris\u00eb s\u00eb Mesme\"},{\"@type\":\"BreadcrumbList\",\"@id\":\"https:\\\/\\\/sicred-distribution.com.al\\\/en\\\/product\\\/jelek-gruaje-i-shqiperise-se-mesme\\\/#breadcrumb\",\"itemListElement\":[{\"@type\":\"ListItem\",\"position\":1,\"name\":\"Home\",\"item\":\"https:\\\/\\\/sicred-distribution.com.al\\\/en\\\/\"},{\"@type\":\"ListItem\",\"position\":2,\"name\":\"Women&#8217;s vest from Central Albania\"}]},{\"@type\":\"WebSite\",\"@id\":\"https:\\\/\\\/sicred-distribution.com.al\\\/en\\\/#website\",\"url\":\"https:\\\/\\\/sicred-distribution.com.al\\\/en\\\/\",\"name\":\"Sicred Distribution\",\"description\":\"Shop\",\"publisher\":{\"@id\":\"https:\\\/\\\/sicred-distribution.com.al\\\/en\\\/#organization\"},\"potentialAction\":[{\"@type\":\"SearchAction\",\"target\":{\"@type\":\"EntryPoint\",\"urlTemplate\":\"https:\\\/\\\/sicred-distribution.com.al\\\/en\\\/?s={search_term_string}\"},\"query-input\":{\"@type\":\"PropertyValueSpecification\",\"valueRequired\":true,\"valueName\":\"search_term_string\"}}],\"inLanguage\":\"en-US\"},{\"@type\":\"Organization\",\"@id\":\"https:\\\/\\\/sicred-distribution.com.al\\\/en\\\/#organization\",\"name\":\"Sicred Distribution\",\"url\":\"https:\\\/\\\/sicred-distribution.com.al\\\/en\\\/\",\"logo\":{\"@type\":\"ImageObject\",\"inLanguage\":\"en-US\",\"@id\":\"https:\\\/\\\/sicred-distribution.com.al\\\/en\\\/#\\\/schema\\\/logo\\\/image\\\/\",\"url\":\"https:\\\/\\\/sicred-distribution.com.al\\\/wp-content\\\/uploads\\\/2025\\\/02\\\/logo-1.png\",\"contentUrl\":\"https:\\\/\\\/sicred-distribution.com.al\\\/wp-content\\\/uploads\\\/2025\\\/02\\\/logo-1.png\",\"width\":341,\"height\":113,\"caption\":\"Sicred Distribution\"},\"image\":{\"@id\":\"https:\\\/\\\/sicred-distribution.com.al\\\/en\\\/#\\\/schema\\\/logo\\\/image\\\/\"},\"sameAs\":[\"https:\\\/\\\/www.facebook.com\\\/SiCRED.Distribution\\\/\",\"https:\\\/\\\/www.instagram.com\\\/sicred.distribution\\\/\",\"https:\\\/\\\/al.linkedin.com\\\/company\\\/sicred-distribution\"]}]}<\/script>\n<!-- \/ Yoast SEO plugin. -->","yoast_head_json":{"title":"Women's vest from Central Albania - SiCRED Distribution","robots":{"index":"index","follow":"follow","max-snippet":"max-snippet:-1","max-image-preview":"max-image-preview:large","max-video-preview":"max-video-preview:-1"},"canonical":"https:\/\/sicred-distribution.com.al\/en\/product\/jelek-gruaje-i-shqiperise-se-mesme\/","og_locale":"en_US","og_type":"article","og_title":"Women's vest from Central Albania - SiCRED Distribution","og_description":"High-quality and elegant women's vest from the middle of Albania, perfect for any occasion.","og_url":"https:\/\/sicred-distribution.com.al\/en\/product\/jelek-gruaje-i-shqiperise-se-mesme\/","og_site_name":"SiCRED Distribution","article_publisher":"https:\/\/www.facebook.com\/SiCRED.Distribution\/","article_modified_time":"2025-11-20T13:51:15+00:00","og_image":[{"width":2048,"height":2048,"url":"https:\/\/sicred-distribution.com.al\/wp-content\/uploads\/2025\/02\/1.-JELEK-GRUAJE-I-SHQIPERISE-SE-MESME-1-scaled-5.jpg","type":"image\/jpeg"}],"twitter_card":"summary_large_image","schema":{"@context":"https:\/\/schema.org","@graph":[{"@type":"WebPage","@id":"https:\/\/sicred-distribution.com.al\/en\/product\/jelek-gruaje-i-shqiperise-se-mesme\/","url":"https:\/\/sicred-distribution.com.al\/en\/product\/jelek-gruaje-i-shqiperise-se-mesme\/","name":"Women's vest from Central Albania - SiCRED Distribution","isPartOf":{"@id":"https:\/\/sicred-distribution.com.al\/en\/#website"},"primaryImageOfPage":{"@id":"https:\/\/sicred-distribution.com.al\/en\/product\/jelek-gruaje-i-shqiperise-se-mesme\/#primaryimage"},"image":{"@id":"https:\/\/sicred-distribution.com.al\/en\/product\/jelek-gruaje-i-shqiperise-se-mesme\/#primaryimage"},"thumbnailUrl":"https:\/\/sicred-distribution.com.al\/wp-content\/uploads\/2025\/02\/1.-JELEK-GRUAJE-I-SHQIPERISE-SE-MESME-1-scaled-5.jpg","datePublished":"2025-05-26T09:42:01+00:00","dateModified":"2025-11-20T13:51:15+00:00","breadcrumb":{"@id":"https:\/\/sicred-distribution.com.al\/en\/product\/jelek-gruaje-i-shqiperise-se-mesme\/#breadcrumb"},"inLanguage":"en-US","potentialAction":[{"@type":"ReadAction","target":["https:\/\/sicred-distribution.com.al\/en\/product\/jelek-gruaje-i-shqiperise-se-mesme\/"]}]},{"@type":"ImageObject","inLanguage":"en-US","@id":"https:\/\/sicred-distribution.com.al\/en\/product\/jelek-gruaje-i-shqiperise-se-mesme\/#primaryimage","url":"https:\/\/sicred-distribution.com.al\/wp-content\/uploads\/2025\/02\/1.-JELEK-GRUAJE-I-SHQIPERISE-SE-MESME-1-scaled-5.jpg","contentUrl":"https:\/\/sicred-distribution.com.al\/wp-content\/uploads\/2025\/02\/1.-JELEK-GRUAJE-I-SHQIPERISE-SE-MESME-1-scaled-5.jpg","width":2048,"height":2048,"caption":"Jelek gruaje i Shqip\u00ebris\u00eb s\u00eb Mesme"},{"@type":"BreadcrumbList","@id":"https:\/\/sicred-distribution.com.al\/en\/product\/jelek-gruaje-i-shqiperise-se-mesme\/#breadcrumb","itemListElement":[{"@type":"ListItem","position":1,"name":"Home","item":"https:\/\/sicred-distribution.com.al\/en\/"},{"@type":"ListItem","position":2,"name":"Women&#8217;s vest from Central Albania"}]},{"@type":"WebSite","@id":"https:\/\/sicred-distribution.com.al\/en\/#website","url":"https:\/\/sicred-distribution.com.al\/en\/","name":"Sicred Distribution","description":"Shop","publisher":{"@id":"https:\/\/sicred-distribution.com.al\/en\/#organization"},"potentialAction":[{"@type":"SearchAction","target":{"@type":"EntryPoint","urlTemplate":"https:\/\/sicred-distribution.com.al\/en\/?s={search_term_string}"},"query-input":{"@type":"PropertyValueSpecification","valueRequired":true,"valueName":"search_term_string"}}],"inLanguage":"en-US"},{"@type":"Organization","@id":"https:\/\/sicred-distribution.com.al\/en\/#organization","name":"Sicred Distribution","url":"https:\/\/sicred-distribution.com.al\/en\/","logo":{"@type":"ImageObject","inLanguage":"en-US","@id":"https:\/\/sicred-distribution.com.al\/en\/#\/schema\/logo\/image\/","url":"https:\/\/sicred-distribution.com.al\/wp-content\/uploads\/2025\/02\/logo-1.png","contentUrl":"https:\/\/sicred-distribution.com.al\/wp-content\/uploads\/2025\/02\/logo-1.png","width":341,"height":113,"caption":"Sicred Distribution"},"image":{"@id":"https:\/\/sicred-distribution.com.al\/en\/#\/schema\/logo\/image\/"},"sameAs":["https:\/\/www.facebook.com\/SiCRED.Distribution\/","https:\/\/www.instagram.com\/sicred.distribution\/","https:\/\/al.linkedin.com\/company\/sicred-distribution"]}]}},"_links":{"self":[{"href":"https:\/\/sicred-distribution.com.al\/en\/wp-json\/wp\/v2\/product\/2716","targetHints":{"allow":["GET"]}}],"collection":[{"href":"https:\/\/sicred-distribution.com.al\/en\/wp-json\/wp\/v2\/product"}],"about":[{"href":"https:\/\/sicred-distribution.com.al\/en\/wp-json\/wp\/v2\/types\/product"}],"replies":[{"embeddable":true,"href":"https:\/\/sicred-distribution.com.al\/en\/wp-json\/wp\/v2\/comments?post=2716"}],"wp:featuredmedia":[{"embeddable":true,"href":"https:\/\/sicred-distribution.com.al\/en\/wp-json\/wp\/v2\/media\/13272"}],"wp:attachment":[{"href":"https:\/\/sicred-distribution.com.al\/en\/wp-json\/wp\/v2\/media?parent=2716"}],"wp:term":[{"taxonomy":"product_brand","embeddable":true,"href":"https:\/\/sicred-distribution.com.al\/en\/wp-json\/wp\/v2\/product_brand?post=2716"},{"taxonomy":"product_cat","embeddable":true,"href":"https:\/\/sicred-distribution.com.al\/en\/wp-json\/wp\/v2\/product_cat?post=2716"},{"taxonomy":"product_tag","embeddable":true,"href":"https:\/\/sicred-distribution.com.al\/en\/wp-json\/wp\/v2\/product_tag?post=2716"}],"curies":[{"name":"wp","href":"https:\/\/api.w.org\/{rel}","templated":true}]}}